{"id":25,"date":"2022-12-13T13:55:38","date_gmt":"2022-12-13T12:55:38","guid":{"rendered":"http:\/\/vingakersok.se\/?page_id=25"},"modified":"2026-03-23T17:55:03","modified_gmt":"2026-03-23T16:55:03","slug":"hem","status":"publish","type":"page","link":"https:\/\/vingakersok.se\/","title":{"rendered":"Hem"},"content":{"rendered":"\n    \n    <section class=\"u-align-left u-black u-clearfix u-container-align-left u-section-2\" src=\"\" id=\"carousel_a707\">\n      \n      \n      \n      \n      \n      \n      \n      \n      <img decoding=\"async\" class=\"u-expanded-width u-image u-image-1\" src=\"https:\/\/vingakersok.se\/wp-content\/uploads\/2022\/12\/f8caf08007eede7a5702bd229a8fc482d308bb39f2db3efdb54c03f5580ccc85081008535d5d340ecb3f72218507c8cba2bf9586c8f6796b3600eb_1280.jpg\" data-image-width=\"1280\" data-image-height=\"853\">\n      <div class=\"u-list u-list-1\">\n        <div class=\"u-repeater u-repeater-1\">\n          <div class=\"u-align-center u-black u-container-align-center u-container-style u-list-item u-opacity u-opacity-0 u-repeater-item u-video-cover u-list-item-1\">\n            <div class=\"u-container-layout u-similar-container u-container-layout-1\"><span class=\"u-custom-item u-file-icon u-hidden-sm u-hidden-xs u-hover-feature u-icon u-icon-circle u-border-2 u-border-grey-75 u-custom-color-1 u-icon-1\" data-href=\"#sec-ff59\"><img decoding=\"async\" src=\"https:\/\/vingakersok.se\/wp-content\/uploads\/2023\/03\/81460.png\" alt=\"\"><\/span>\n              <h4 class=\"u-hidden-sm u-hidden-xs u-text u-text-default u-text-1\"> Nyheter<\/h4>\n            <\/div>\n          <\/div>\n          <div class=\"u-align-center u-black u-container-align-center u-container-style u-list-item u-opacity u-opacity-0 u-repeater-item u-list-item-2\">\n            <div class=\"u-container-layout u-similar-container u-container-layout-2\"><span class=\"u-custom-item u-file-icon u-hidden-sm u-hidden-xs u-hover-feature u-icon u-icon-circle u-border-2 u-border-grey-75 u-custom-color-1 u-icon-2\" data-href=\"https:\/\/vingakersok.se\/?page_id=24\" title=\"Info och kontakt\"><img decoding=\"async\" src=\"https:\/\/vingakersok.se\/wp-content\/uploads\/2022\/12\/Logotype-1.png\" alt=\"\"><\/span>\n              <h4 class=\"u-hidden-sm u-hidden-xs u-text u-text-default u-text-2\">OM Ving\u00c5kers ok<\/h4>\n            <\/div>\n          <\/div>\n          <div class=\"u-align-center u-black u-container-align-center u-container-style u-list-item u-opacity u-opacity-0 u-repeater-item u-video-cover u-list-item-3\">\n            <div class=\"u-container-layout u-similar-container u-container-layout-3\"><span class=\"u-custom-item u-file-icon u-hidden-sm u-hidden-xs u-hover-feature u-icon u-icon-circle u-border-2 u-border-grey-75 u-custom-color-1 u-icon-3\" data-href=\"https:\/\/vingakersok.se\/?page_id=135\" title=\"Kalender\"><img decoding=\"async\" src=\"https:\/\/vingakersok.se\/wp-content\/uploads\/2023\/03\/2838779-1.png\" alt=\"\"><\/span>\n              <h4 class=\"u-hidden-sm u-hidden-xs u-text u-text-default u-text-3\"> KAlender<\/h4>\n            <\/div>\n          <\/div>\n        <\/div>\n      <\/div>\n      <h1 class=\"u-align-center u-text u-text-body-alt-color u-title u-text-4\"> V\u00e4lkommen t\u200bill&nbsp;<br>Ving\u00e5kers OK\n      <\/h1>\n      <a href=\"https:\/\/vingakersok.se\/?page_id=24\" class=\"u-border-2 u-border-hover-black u-btn u-btn-round u-button-style u-hover-palette-3-light-1 u-palette-3-base u-radius-50 u-btn-1\">l\u00e4r dig orientering<\/a>\n    <\/section>\n    <section class=\"u-clearfix u-section-3\" id=\"sec-ff59\">\n      <div class=\"u-clearfix u-sheet u-valign-middle u-sheet-1\">\n        <h1 class=\"u-text u-text-default u-title u-text-1\">Nyheter<\/h1>\n      <\/div>\n    <\/section>\n    <section class=\"u-clearfix u-white u-section-4\" id=\"block-1\">\n      <div class=\"u-clearfix u-sheet u-valign-middle-lg u-valign-middle-md u-valign-middle-sm u-valign-middle-xs u-sheet-1\">\n        <h1 class=\"u-align-center u-text u-text-1\">V\u00e5ren 2026<\/h1>\n        <h3 class=\"u-align-center u-text u-text-2\">V\u00e4lkomna till v\u00e5rens f\u00f6rsta tr\u00e4ning!<br><span style=\"font-weight: 400;\"><span style=\"font-size: 1.5rem;\"><span style=\"font-size: 1.875rem;\"> Vi kommer starta s\u00e4songens tr\u00e4ningar vid S\u00e4fstaholms Slott tisdagen den&nbsp;<\/span><\/span><\/span><span style=\"font-weight: 400; font-size: 1.875rem;\">31\/3 klockan 18.00.<\/span>\n          <br><span style=\"font-weight: 400;\"><span style=\"font-size: 1.875rem;\"> Nya och Gamla orienterare \u00e4r varmt v\u00e4lkomna!<\/span><\/span>\n          <br><span style=\"font-size: 1.875rem;\"><span style=\"font-weight: 400;\"> F\u00f6r fr\u00e5gor v\u00e4nligen meddela&nbsp;<\/span><\/span><span style=\"font-size: 1.875rem;\">Christopher<\/span>\n          <br><span style=\"font-size: 1.875rem;\"><span style=\"font-weight: 400;\">&nbsp;<span class=\"u-text-color-var\" style=\"--text-color-var: #111111;\">chrille186@gmail.com<\/span><span class=\"u-text-palette-4-base\" style=\"--text-color-var: #3e14ba;\"><\/span><\/span><\/span>\n          <br>\n        <\/h3>\n        <h1 class=\"u-align-center u-text u-text-palette-1-base u-text-3\">\n          <a class=\"u-active-none u-border-none u-btn u-button-link u-button-style u-hover-none u-none u-text-palette-1-base u-btn-1\" href=\"https:\/\/vingakersok.se\/?page_id=135\">Vidare till Kalendern <\/a>\n        <\/h1>\n        <h2 class=\"u-align-center u-text u-text-4\">Vinters\u00e4songen 2026<\/h2>\n        <p class=\"u-text u-text-5\"><span style=\"font-size: 2.25rem;\">Teori<\/span><span style=\"font-size: 1.5rem;\"><span style=\"font-weight: 400;\"><\/span><\/span>\n          <br><span style=\"font-size: 1.875rem;\"><span style=\"font-weight: 400;\"> Under vintern kommer vi anordna teori i VOK-stugan p\u00e5 tisdagar kl:18.00. Gamla och Nya \u00e4r Varmt V\u00e4lkomna!<\/span><\/span>\n          <br><span style=\"font-size: 2.25rem;\">TorsdagsTr\u00e4ningar<\/span>\n          <br><span style=\"font-weight: 400;\"> Tr\u00e4ningar fr\u00e5n veckans bana forts\u00e4tter p\u00e5 torsdagar med samling 18:30 vid VOK-stugan, dessa kommer \u00e4ven att finnas p\u00e5 Eventor f\u00f6r egen tr\u00e4ning.&nbsp;<\/span>\n        <\/p>\n      <\/div>\n    <\/section>\n    <section class=\"u-align-center u-clearfix u-container-align-center u-section-5\" id=\"sec-2c20\">\n      <div class=\"u-clearfix u-sheet u-sheet-1\">\n        <div class=\"u-clearfix u-expanded-width u-gutter-0 u-layout-wrap u-layout-wrap-1\">\n          <div class=\"u-layout\" style=\"\">\n            <div class=\"u-layout-row\" style=\"\">\n              <div class=\"u-align-left u-container-align-left u-container-style u-image u-layout-cell u-left-cell u-size-30 u-size-xs-60 u-image-1\" src=\"\" data-image-width=\"400\" data-image-height=\"256\" style=\"background-image: url(&quot;https:\/\/vingakersok.se\/wp-content\/uploads\/2022\/12\/vok-stugan-bild.png&quot;);\">\n                <div class=\"u-container-layout u-container-layout-1\" src=\"\"><\/div>\n              <\/div>\n              <div class=\"u-align-left u-black u-container-align-left u-container-style u-layout-cell u-right-cell u-size-30 u-size-xs-60 u-layout-cell-2\">\n                <div class=\"u-container-layout u-container-layout-2\">\n                  <h2 class=\"u-text u-text-default u-text-1\">VOK - STUGAN<\/h2>\n                  <p class=\"u-text u-text-2\"> VOK-stugan \u00e4r klubbstuga f\u00f6r Ving\u00e5kers Orienteringsklubb. Den ligger fint bel\u00e4gen i en bj\u00f6rkbacke ner mot sj\u00f6n Tisnaren ca 7 km fr\u00e5n Ving\u00e5ker mellan Lyttersta och Kindstorp.<br>\n                    <br>I klubbstugan finns en samlingslokal p\u00e5 \u00f6verv\u00e5ningen som \u00e4r 85 kvm. Bord och stolar finns f\u00f6r ca 40 \u2013 50 sittande g\u00e4ster.Bottenv\u00e5ningen har fullt modernt k\u00f6k d\u00e4r k\u00f6ksutrustning som kaffebryggare, vattenkokare, tallrikar, muggar, bestick och glas ing\u00e5r i hyran. \u00c4ven diskmaskin finns.&nbsp;P\u00e5 nedre plan finns ocks\u00e5 tv\u00e5 omkl\u00e4dningsrum, duschar och bastu samt tv\u00e5 toaletter.<br>\n                    <br>Stugan hyrs ut till klubbl\u00e4ger (SEK 1000 per dygn) och f\u00f6r f\u00f6reningstr\u00e4ffar.&nbsp;<br>\n                    <br>Stugan kan ocks\u00e5 hyras privat till en kostnad av SEK 1500 per dygn.<br>\n                    <br>Kontaktperson: Rune Gerdtman&nbsp;<br>070-584 02 44,&nbsp;rune@gerdtman.se\n                  <\/p>\n                <\/div>\n              <\/div>\n            <\/div>\n          <\/div>\n        <\/div>\n      <\/div>\n    <\/section>\n    <section class=\"u-align-center u-clearfix u-container-align-center u-section-6\" id=\"sec-e658\">\n      <div class=\"u-clearfix u-sheet u-sheet-1\">\n        <h2 class=\"u-align-center u-text u-text-default u-text-1\">V\u00e5ra sponsorer<\/h2>\n        <div class=\"u-expanded-width u-gallery u-layout-grid u-lightbox u-show-text-on-hover u-gallery-1\">\n          <div class=\"u-gallery-inner u-gallery-inner-1\">\n            <div class=\"u-effect-fade u-gallery-item\" data-href=\"http:\/\/clk.tradedoubler.com\/click?p=23365&amp;a=2176386&amp;g=20751698&amp;EPI=11271&amp;url=https:\/\/www.svenskaspel.se\/grasroten\/forening\/7511-vingakers-ok\" data-target=\"_blank\">\n              <div class=\"u-back-slide\">\n                <img decoding=\"async\" class=\"u-back-image u-expanded u-image-contain\" src=\"https:\/\/vingakersok.se\/wp-content\/uploads\/2022\/12\/imp.gif\">\n              <\/div>\n              <div class=\"u-over-slide u-shading u-over-slide-1\"><\/div>\n            <\/div>\n            <div class=\"u-effect-fade u-gallery-item\" data-href=\"https:\/\/www.sponsorhuset.se\/vingakersok\/\" data-target=\"_blank\">\n              <div class=\"u-back-slide\">\n                <img decoding=\"async\" class=\"u-back-image u-expanded u-image-contain\" src=\"https:\/\/vingakersok.se\/wp-content\/uploads\/2022\/12\/sponsorhuset.jpg\">\n              <\/div>\n              <div class=\"u-over-slide u-shading u-over-slide-2\"><\/div>\n            <\/div>\n            <div class=\"u-effect-fade u-gallery-item\" data-href=\"https:\/\/www.ullmax.com\/sv\/\" data-target=\"_blank\">\n              <div class=\"u-back-slide\">\n                <img decoding=\"async\" class=\"u-back-image u-expanded u-image-contain\" src=\"https:\/\/vingakersok.se\/wp-content\/uploads\/2022\/12\/ullmax.jpg\">\n              <\/div>\n              <div class=\"u-over-slide u-shading u-over-slide-3\"><\/div>\n            <\/div>\n            <div class=\"u-effect-fade u-gallery-item\" data-href=\"https:\/\/www.sormlandssparbank.se\/\" data-target=\"_blank\">\n              <div class=\"u-back-slide\">\n                <img decoding=\"async\" class=\"u-back-image u-expanded u-image-contain\" src=\"https:\/\/vingakersok.se\/wp-content\/uploads\/2022\/12\/sormlandssparbank-logga.png\">\n              <\/div>\n              <div class=\"u-over-slide u-shading u-over-slide-4\"><\/div>\n            <\/div>\n            <div class=\"u-effect-fade u-gallery-item\" data-href=\"http:\/\/www.skidspar.se\/\" data-target=\"_blank\">\n              <div class=\"u-back-slide\">\n                <img decoding=\"async\" class=\"u-back-image u-expanded u-image-contain\" src=\"https:\/\/vingakersok.se\/wp-content\/uploads\/2022\/12\/skidspar.jpg\">\n              <\/div>\n              <div class=\"u-over-slide u-shading u-over-slide-5\"><\/div>\n            <\/div>\n            <div class=\"u-effect-fade u-gallery-item\" data-href=\"https:\/\/www.vingaker.se\/\" data-target=\"_blank\">\n              <div class=\"u-back-slide\" data-image-width=\"320\" data-image-height=\"120\">\n                <img decoding=\"async\" class=\"u-back-image u-expanded u-image-contain\" src=\"https:\/\/vingakersok.se\/wp-content\/uploads\/2022\/12\/vingaker-logo.png\">\n              <\/div>\n              <div class=\"u-over-slide u-shading u-over-slide-6\"><\/div>\n            <\/div>\n          <\/div>\n        <\/div>\n      <\/div>\n    <\/section>\n    \n    \n    \n    \n  \n","protected":false},"excerpt":{"rendered":"<p>Nyheter OM Ving\u00c5kers ok KAlender V\u00e4lkommen t\u200bill&nbsp;Ving\u00e5kers OK l\u00e4r dig orientering Nyheter V\u00e5ren 2026 V\u00e4lkomna till v\u00e5rens f\u00f6rsta tr\u00e4ning! Vi kommer starta s\u00e4songens tr\u00e4ningar vid S\u00e4fstaholms Slott tisdagen den&nbsp;31\/3 klockan 18.00. Nya och Gamla orienterare \u00e4r varmt v\u00e4lkomna! F\u00f6r fr\u00e5gor v\u00e4nligen meddela&nbsp;Christopher &nbsp;chrille186@gmail.com Vidare till Kalendern Vinters\u00e4songen 2026 Teori Under vintern kommer vi anordna teori &hellip; <a href=\"https:\/\/vingakersok.se\/\" class=\"more-link\">Continue reading<span class=\"screen-reader-text\"> &#8221;Hem&#8221;<\/span><\/a><\/p>\n","protected":false},"author":1,"featured_media":0,"parent":0,"menu_order":2,"comment_status":"closed","ping_status":"closed","template":"","meta":{"_mc_calendar":[],"footnotes":""},"class_list":["post-25","page","type-page","status-publish","hentry"],"_links":{"self":[{"href":"https:\/\/vingakersok.se\/index.php?rest_route=\/wp\/v2\/pages\/25","targetHints":{"allow":["GET"]}}],"collection":[{"href":"https:\/\/vingakersok.se\/index.php?rest_route=\/wp\/v2\/pages"}],"about":[{"href":"https:\/\/vingakersok.se\/index.php?rest_route=\/wp\/v2\/types\/page"}],"author":[{"embeddable":true,"href":"https:\/\/vingakersok.se\/index.php?rest_route=\/wp\/v2\/users\/1"}],"replies":[{"embeddable":true,"href":"https:\/\/vingakersok.se\/index.php?rest_route=%2Fwp%2Fv2%2Fcomments&post=25"}],"version-history":[{"count":60,"href":"https:\/\/vingakersok.se\/index.php?rest_route=\/wp\/v2\/pages\/25\/revisions"}],"predecessor-version":[{"id":461,"href":"https:\/\/vingakersok.se\/index.php?rest_route=\/wp\/v2\/pages\/25\/revisions\/461"}],"wp:attachment":[{"href":"https:\/\/vingakersok.se\/index.php?rest_route=%2Fwp%2Fv2%2Fmedia&parent=25"}],"curies":[{"name":"wp","href":"https:\/\/api.w.org\/{rel}","templated":true}]}}