{"id":24,"date":"2022-12-13T13:55:37","date_gmt":"2022-12-13T12:55:37","guid":{"rendered":"http:\/\/vingakersok.se\/?page_id=24"},"modified":"2026-03-18T21:03:50","modified_gmt":"2026-03-18T20:03:50","slug":"info-och-kontakt","status":"publish","type":"page","link":"https:\/\/vingakersok.se\/?page_id=24","title":{"rendered":"Info och kontakt"},"content":{"rendered":"\n    \n    <section class=\"u-clearfix u-container-align-center u-image u-section-2\" id=\"sec-656d\" data-image-width=\"2560\" data-image-height=\"1122\" style=\"background-image: url(&quot;https:\/\/vingakersok.se\/wp-content\/uploads\/2023\/04\/Safstaholmsslott-scaled.jpg&quot;);\">\n      <div class=\"u-clearfix u-sheet u-sheet-1\"><\/div>\n    <\/section>\n    <section class=\"u-align-center u-black u-clearfix u-container-align-center u-section-3\" id=\"sec-f9ad\">\n      <div class=\"u-clearfix u-sheet u-sheet-1\">\n        <h5 class=\"u-text u-text-default u-text-1\">OM KLUBBEN<\/h5>\n        <h1 class=\"u-text u-text-default u-text-2\">Sedan 1936<\/h1>\n        <p class=\"u-text u-text-3\"> Ving\u00e5kers Orienteringsklubb, hemmah\u00f6rande i Ving\u00e5kers Kommun, \u00e4r stiftad i december 1936 och d\u00e4rmed en av Sveriges \u00e4ldsta specialklubbar f\u00f6r orientering.<br>\n          <br>Vi har idag cirka 90 medlemmar, av vilka ca 40 \u00e4r aktiva. Ving\u00e5kers OK har tv\u00e5 t\u00e4vlingssektioner, skidor och orientering.<br>\n          <br>Liksom alla sm\u00e5 klubbar har vi sv\u00e5rt att beh\u00e5lla framg\u00e5ngsrika orienteringsseniorer. D\u00e4rf\u00f6r \u00e4r orienteringsverksamheten fr\u00e4mst inriktad p\u00e5 ungdomar. Klubben arrangerar orienteringskurser fr\u00e4mst f\u00f6r barn och ungdomar. Vi har ett 20-tal aktiva ungdomar i olika \u00e5ldrar. Dessutom arrangeras tr\u00e4ningst\u00e4vlingar samt Hitta Ut.<br>\n          <br>Ving\u00e5kers OK\u00b4s medlemmar \u00e4r \u00e4ven aktiva i Precisionsorientering (PreO) och Stig Gerdtman har tv\u00e5 guld fr\u00e5n VM och fr\u00e5n EM.<br>\n          <br>De aktiva i skidsektionen t\u00e4vlar i distriktets t\u00e4vlings samt i Vasaloppet och andra l\u00e5nglopp. Klubben driver i samarbete med B\u00e5senberga SK ett konstsn\u00f6sp\u00e5r vid B\u00e5senberga. \n        <\/p>\n      <\/div>\n    <\/section>\n    <section class=\"u-clearfix u-grey-5 u-section-4\" id=\"sec-80fb\">\n      <div class=\"u-clearfix u-sheet u-sheet-1\">\n        <h3 class=\"u-text u-text-1\"> Medlemsavgifter<\/h3>\n        <p class=\"u-text u-text-2\"><b>Medlemsavgifter:<\/b>\n          <br>Familj (maka, make, alla barn t.o.m. 20 \u00e5r) 650:-<br>Senior 300:-<br>Junior och ungdom (tom 20\u00e5r) 150:-<b><\/b>\n          <br><b>Startavgifter<\/b>\n          <br>F\u00f6r medlemmar t.o.m. 20 \u00e5r betalar klubben ev. startavgifter, dock inte vid <br>\"semestert\u00e4vlingar\" (vanligen flerdagarst\u00e4vlingar under sommarhalv\u00e5ret).<br>Ev. brick\/pinn-hyra, startavgift vid ej start och f\u00f6rh\u00f6jd avgift p.g.a. efteranm\u00e4lan betalas av medlem.<br><b>Startavgifter - T\u00e4vlingsavgift<\/b>\n          <br>Medlemmar (fr.o.m. 21 \u00e5r) som t\u00e4vlar betalar (ut\u00f6ver medlemsavgiften) en t\u00e4vlingsavgift. Om man inte betalar t\u00e4vlingsavgift s\u00e5 betalar man sina startavgifter sj\u00e4lv. Semestert\u00e4vlingar, ev.&nbsp;<br>brick\/pinn-hyra, startavgift vid ej start och f\u00f6rh\u00f6jd avgift p.g.a. efteranm\u00e4lan ing\u00e5r ej i t\u00e4vlingsavgiften och betalas av medlem.<br>\n          <br>T\u00e4vlingsavgift (fr.o.m. 21 \u00e5r) 700:-<br>\n          <br>Medlemsavgift och ev. t\u00e4vlingsavgift betalas till klubbens bankgiro 261-9682. \n        <\/p>\n      <\/div>\n    <\/section>\n    <section class=\"u-align-center u-clearfix u-container-align-center u-section-5\" id=\"sec-ca52\">\n      <div class=\"u-clearfix u-sheet u-sheet-1\">\n        <div class=\"u-expanded-width u-table u-table-responsive u-table-1\">\n          <table class=\"u-table-entity u-table-entity-1\">\n            <colgroup>\n              <col width=\"25.5%\">\n              <col width=\"74.5%\">\n            <\/colgroup>\n            <thead class=\"u-grey-50 u-table-header u-table-header-1\">\n              <tr style=\"height: 71px;\">\n                <th class=\"u-border-1 u-border-grey-50 u-table-cell\"> Ving\u00e5kers OK - Orientering <\/th>\n                <th class=\"u-border-1 u-border-grey-50 u-table-cell\"><\/th>\n              <\/tr>\n            <\/thead>\n            <tbody class=\"u-table-body\">\n              <tr style=\"height: 69px;\">\n                <td class=\"u-border-1 u-border-grey-40 u-border-no-left u-border-no-right u-table-cell\"> Bildad<\/td>\n                <td class=\"u-border-1 u-border-grey-40 u-border-no-left u-border-no-right u-table-cell\"> 1936-12-10<\/td>\n              <\/tr>\n              <tr style=\"height: 69px;\">\n                <td class=\"u-border-1 u-border-grey-40 u-border-no-left u-border-no-right u-table-cell\">F\u00f6reningsnummer<\/td>\n                <td class=\"u-border-1 u-border-grey-40 u-border-no-left u-border-no-right u-table-cell\"> 4415-28<\/td>\n              <\/tr>\n              <tr style=\"height: 69px;\">\n                <td class=\"u-border-1 u-border-grey-40 u-border-no-left u-border-no-right u-table-cell\"> Postadress<\/td>\n                <td class=\"u-border-1 u-border-grey-40 u-border-no-left u-border-no-right u-table-cell\">c\/o Langborg Redovisning<br>Storgatan 29<br>64330 Ving\u00e5ker\n                <\/td>\n              <\/tr>\n              <tr style=\"height: 69px;\">\n                <td class=\"u-border-1 u-border-grey-40 u-border-no-left u-border-no-right u-table-cell\"> Fakturaadress<\/td>\n                <td class=\"u-border-1 u-border-grey-40 u-border-no-left u-border-no-right u-table-cell\">c\/o Langborg Redovisning<br>Storgatan 29<br>64330 Ving\u00e5ker\n                <\/td>\n              <\/tr>\n              <tr style=\"height: 69px;\">\n                <td class=\"u-border-1 u-border-grey-40 u-border-no-left u-border-no-right u-table-cell\">Mobil<\/td>\n                <td class=\"u-border-1 u-border-grey-40 u-border-no-left u-border-no-right u-table-cell\">073-9053420<\/td>\n              <\/tr>\n              <tr style=\"height: 69px;\">\n                <td class=\"u-border-1 u-border-grey-40 u-border-no-left u-border-no-right u-table-cell\">E-post<\/td>\n                <td class=\"u-border-1 u-border-grey-40 u-border-no-left u-border-no-right u-table-cell\">kassor.vok@gmail.com&nbsp;<\/td>\n              <\/tr>\n              <tr style=\"height: 69px;\">\n                <td class=\"u-border-1 u-border-grey-40 u-border-no-left u-border-no-right u-table-cell\">Bankgiro<\/td>\n                <td class=\"u-border-1 u-border-grey-40 u-border-no-left u-border-no-right u-table-cell\">261-9682<\/td>\n              <\/tr>\n              <tr style=\"height: 69px;\">\n                <td class=\"u-border-1 u-border-grey-40 u-border-no-left u-border-no-right u-table-cell\">Swish<\/td>\n                <td class=\"u-border-1 u-border-grey-40 u-border-no-left u-border-no-right u-table-cell\">1231979947<\/td>\n              <\/tr>\n              <tr style=\"height: 69px;\">\n                <td class=\"u-border-1 u-border-grey-40 u-border-no-left u-border-no-right u-table-cell\">Organisationsnummer<\/td>\n                <td class=\"u-border-1 u-border-grey-40 u-border-no-left u-border-no-right u-table-cell\">818500-3285<\/td>\n              <\/tr>\n            <\/tbody>\n          <\/table>\n        <\/div>\n      <\/div>\n    <\/section>\n    <section class=\"u-align-center u-clearfix u-container-align-center u-section-6\" id=\"carousel_5ad6\">\n      <div class=\"u-clearfix u-sheet u-valign-middle u-sheet-1\">\n        <div class=\"u-expanded-width u-table u-table-responsive u-table-1\">\n          <table class=\"u-table-entity u-table-entity-1\">\n            <colgroup>\n              <col width=\"12.8%\">\n              <col width=\"32.1%\">\n              <col width=\"30.3%\">\n              <col width=\"24.8%\">\n            <\/colgroup>\n            <thead class=\"u-grey-50 u-table-header u-table-header-1\">\n              <tr style=\"height: 71px;\">\n                <th class=\"u-border-1 u-border-grey-50 u-table-cell\"> Kontaktinformation<\/th>\n                <th class=\"u-border-1 u-border-grey-50 u-table-cell\"><\/th>\n                <th class=\"u-border-1 u-border-grey-50 u-table-cell\"><\/th>\n                <th class=\"u-border-1 u-border-grey-50 u-table-cell\"><\/th>\n              <\/tr>\n            <\/thead>\n            <tbody class=\"u-table-body\">\n              <tr style=\"height: 69px;\">\n                <td class=\"u-border-1 u-border-grey-40 u-border-no-left u-border-no-right u-table-cell\">Ordf\u00f6rande<\/td>\n                <td class=\"u-border-1 u-border-grey-40 u-border-no-left u-border-no-right u-table-cell\">Rune Gerdtman<\/td>\n                <td class=\"u-border-1 u-border-grey-40 u-border-no-left u-border-no-right u-table-cell\">rune@gerdtman.se<\/td>\n                <td class=\"u-border-1 u-border-grey-40 u-border-no-left u-border-no-right u-table-cell\">070-5840244<\/td>\n              <\/tr>\n              <tr style=\"height: 69px;\">\n                <td class=\"u-border-1 u-border-grey-40 u-border-no-left u-border-no-right u-table-cell\">V. ordf\u00f6rande<\/td>\n                <td class=\"u-border-1 u-border-grey-40 u-border-no-left u-border-no-right u-table-cell\">Karin B\u00f6decs<\/td>\n                <td class=\"u-border-1 u-border-grey-40 u-border-no-left u-border-no-right u-table-cell\">karin.bodecs@telia.com<\/td>\n                <td class=\"u-border-1 u-border-grey-40 u-border-no-left u-border-no-right u-table-cell\">070-6388985<\/td>\n              <\/tr>\n              <tr style=\"height: 69px;\">\n                <td class=\"u-border-1 u-border-grey-40 u-border-no-left u-border-no-right u-table-cell\">Kass\u00f6r<\/td>\n                <td class=\"u-border-1 u-border-grey-40 u-border-no-left u-border-no-right u-table-cell\">Johan Langborg<\/td>\n                <td class=\"u-border-1 u-border-grey-40 u-border-no-left u-border-no-right u-table-cell\">kassor.vok@gmail.com<\/td>\n                <td class=\"u-border-1 u-border-grey-40 u-border-no-left u-border-no-right u-table-cell\">073-9053420<\/td>\n              <\/tr>\n              <tr style=\"height: 69px;\">\n                <td class=\"u-border-1 u-border-grey-40 u-border-no-left u-border-no-right u-table-cell\">Sekreterare<\/td>\n                <td class=\"u-border-1 u-border-grey-40 u-border-no-left u-border-no-right u-table-cell\">Per-Gunnar Andersson<\/td>\n                <td class=\"u-border-1 u-border-grey-40 u-border-no-left u-border-no-right u-table-cell\">pga34@hotmail.com<\/td>\n                <td class=\"u-border-1 u-border-grey-40 u-border-no-left u-border-no-right u-table-cell\">070-4953759<\/td>\n              <\/tr>\n              <tr style=\"height: 69px;\">\n                <td class=\"u-border-1 u-border-grey-40 u-border-no-left u-border-no-right u-table-cell\">Ledamot<\/td>\n                <td class=\"u-border-1 u-border-grey-40 u-border-no-left u-border-no-right u-table-cell\">Monica Andersson<\/td>\n                <td class=\"u-border-1 u-border-grey-40 u-border-no-left u-border-no-right u-table-cell\">monica.andersson@vingaker.se<\/td>\n                <td class=\"u-border-1 u-border-grey-40 u-border-no-left u-border-no-right u-table-cell\">070-3063488<\/td>\n              <\/tr>\n              <tr style=\"height: 69px;\">\n                <td class=\"u-border-1 u-border-grey-40 u-border-no-left u-border-no-right u-table-cell\">Ungdomsrepresentant&nbsp;<br>i styrelsen\n                <\/td>\n                <td class=\"u-border-1 u-border-grey-40 u-border-no-left u-border-no-right u-table-cell\">Susann Karlsson<\/td>\n                <td class=\"u-border-1 u-border-grey-40 u-border-no-left u-border-no-right u-table-cell\"><\/td>\n                <td class=\"u-border-1 u-border-grey-40 u-border-no-left u-border-no-right u-table-cell\"><\/td>\n              <\/tr>\n              <tr style=\"height: 69px;\">\n                <td class=\"u-border-1 u-border-grey-40 u-border-no-left u-border-no-right u-table-cell\">Suppleanter<\/td>\n                <td class=\"u-border-1 u-border-grey-40 u-border-no-left u-border-no-right u-table-cell\">Christopher Andersson<br>Jesper Andersson&nbsp;\n                <\/td>\n                <td class=\"u-border-1 u-border-grey-40 u-border-no-left u-border-no-right u-table-cell\">chrille186@gmail.com<br>\n                  <br>\n                <\/td>\n                <td class=\"u-border-1 u-border-grey-40 u-border-no-left u-border-no-right u-table-cell\">070-7603273<br>\n                  <br>\n                <\/td>\n              <\/tr>\n              <tr style=\"height: 69px;\">\n                <td class=\"u-border-1 u-border-grey-40 u-border-no-left u-border-no-right u-table-cell\">Ungdomsledare<\/td>\n                <td class=\"u-border-1 u-border-grey-40 u-border-no-left u-border-no-right u-table-cell\">Karin B\u00f6decs<br>Monica Andersson<br>Christopher Andersson&nbsp;\n                <\/td>\n                <td class=\"u-border-1 u-border-grey-40 u-border-no-left u-border-no-right u-table-cell\">karin.bodecs@telia.com<br>monica.andersson@vingaker.se&nbsp;<br>chrille186@gmail.com\n                <\/td>\n                <td class=\"u-border-1 u-border-grey-40 u-border-no-left u-border-no-right u-table-cell\">070-6388985<br>070-3063488<br>070-7603273\n                <\/td>\n              <\/tr>\n            <\/tbody>\n          <\/table>\n        <\/div>\n      <\/div>\n    <\/section>\n    \n    \n    \n  \n","protected":false},"excerpt":{"rendered":"<p>OM KLUBBEN Sedan 1936 Ving\u00e5kers Orienteringsklubb, hemmah\u00f6rande i Ving\u00e5kers Kommun, \u00e4r stiftad i december 1936 och d\u00e4rmed en av Sveriges \u00e4ldsta specialklubbar f\u00f6r orientering. Vi har idag cirka 90 medlemmar, av vilka ca 40 \u00e4r aktiva. Ving\u00e5kers OK har tv\u00e5 t\u00e4vlingssektioner, skidor och orientering. Liksom alla sm\u00e5 klubbar har vi sv\u00e5rt att beh\u00e5lla framg\u00e5ngsrika orienteringsseniorer. &hellip; <a href=\"https:\/\/vingakersok.se\/?page_id=24\" class=\"more-link\">Continue reading<span class=\"screen-reader-text\"> &#8221;Info och kontakt&#8221;<\/span><\/a><\/p>\n","protected":false},"author":1,"featured_media":0,"parent":0,"menu_order":1,"comment_status":"closed","ping_status":"closed","template":"","meta":{"_mc_calendar":[],"footnotes":""},"class_list":["post-24","page","type-page","status-publish","hentry"],"_links":{"self":[{"href":"https:\/\/vingakersok.se\/index.php?rest_route=\/wp\/v2\/pages\/24","targetHints":{"allow":["GET"]}}],"collection":[{"href":"https:\/\/vingakersok.se\/index.php?rest_route=\/wp\/v2\/pages"}],"about":[{"href":"https:\/\/vingakersok.se\/index.php?rest_route=\/wp\/v2\/types\/page"}],"author":[{"embeddable":true,"href":"https:\/\/vingakersok.se\/index.php?rest_route=\/wp\/v2\/users\/1"}],"replies":[{"embeddable":true,"href":"https:\/\/vingakersok.se\/index.php?rest_route=%2Fwp%2Fv2%2Fcomments&post=24"}],"version-history":[{"count":15,"href":"https:\/\/vingakersok.se\/index.php?rest_route=\/wp\/v2\/pages\/24\/revisions"}],"predecessor-version":[{"id":447,"href":"https:\/\/vingakersok.se\/index.php?rest_route=\/wp\/v2\/pages\/24\/revisions\/447"}],"wp:attachment":[{"href":"https:\/\/vingakersok.se\/index.php?rest_route=%2Fwp%2Fv2%2Fmedia&parent=24"}],"curies":[{"name":"wp","href":"https:\/\/api.w.org\/{rel}","templated":true}]}}